{"id":3,"date":"2022-11-22T09:30:50","date_gmt":"2022-11-22T09:30:50","guid":{"rendered":"http:\/\/physiotherapeutin-fulda.xn--inken-anschtz-6ob.de\/?page_id=3"},"modified":"2024-03-11T15:22:21","modified_gmt":"2024-03-11T15:22:21","slug":"impressum","status":"publish","type":"page","link":"https:\/\/physiotherapeutin-fulda.de\/?page_id=3","title":{"rendered":"Impressum"},"content":{"rendered":"\n<h1 class=\"wp-block-heading\">Impressum<\/h1>\n\n\n\n<div style=\"height:30px\" aria-hidden=\"true\" class=\"wp-block-spacer\"><\/div>\n\n\n\n<p>Inken Ansch\u00fctz<br>Staatl. anerk. Physiotherapeutin<br>Fuldaer Stra\u00dfe 15<br>39093 K\u00fcnzell<\/p>\n\n\n\n<p> <\/p>\n\n\n\n<div style=\"height:30px\" aria-hidden=\"true\" class=\"wp-block-spacer\"><\/div>\n\n\n\n<h5 class=\"wp-block-heading\">Kontakt<\/h5>\n\n\n\n<p>Telefon: +49 (0)176-23779301<br>E-Mail: heiko.inken@arcor.de<\/p>\n\n\n\n<div style=\"height:30px\" aria-hidden=\"true\" class=\"wp-block-spacer\"><\/div>\n\n\n\n<h5 class=\"wp-block-heading\">Berufsbezeichnung und berufsrechtliche Regelungen<\/h5>\n\n\n\n<p>Berufsbezeichnung: Physiotherapeut<\/p>\n\n\n\n<p>Verliehen in: Deutschland<\/p>\n\n\n\n<p>Es gelten folgende berufsrechtliche Regelungen:<\/p>\n\n\n\n<p>Masseur- und Physiotherapeutengesetz &#8211; MPhG<br>einsehbar unter: <a href=\"https:\/\/www.gesetze-im-internet.de\/mphg\/BJNR108400994.html\" target=\"_blank\" rel=\"noreferrer noopener\">https:\/\/www.gesetze-im-internet.de\/mphg\/BJNR108400994.html<\/a><\/p>\n\n\n\n<div style=\"height:30px\" aria-hidden=\"true\" class=\"wp-block-spacer\"><\/div>\n\n\n\n<h5 class=\"wp-block-heading\">Angaben zur Berufs\u00adhaftpflicht\u00adversicherung<\/h5>\n\n\n\n<p>Name und Sitz des Versicherers:<br>Allianz Versicherungs-AG<\/p>\n\n\n\n<p>10900 Berlin<\/p>\n\n\n\n<p>Geltungsraum der Versicherung: Deutschland<\/p>\n\n\n\n<div style=\"height:30px\" aria-hidden=\"true\" class=\"wp-block-spacer\"><\/div>\n\n\n\n<h5 class=\"wp-block-heading\">EU-Streitschlichtung<\/h5>\n\n\n\n<p>Die Europ\u00e4ische Kommission stellt eine Plattform zur Online-Streitbeilegung (OS) bereit: <a href=\"https:\/\/ec.europa.eu\/consumers\/odr\/\" target=\"_blank\" rel=\"noreferrer noopener\">https:\/\/ec.europa.eu\/consumers\/odr\/<\/a>.<br>Unsere E-Mail-Adresse finden Sie oben im Impressum.<\/p>\n\n\n\n<div style=\"height:30px\" aria-hidden=\"true\" class=\"wp-block-spacer\"><\/div>\n\n\n\n<h5 class=\"wp-block-heading\">Verbraucher\u00adstreit\u00adbeilegung\/Universal\u00adschlichtungs\u00adstelle<\/h5>\n\n\n\n<p>Wir sind nicht bereit oder verpflichtet, an Streitbeilegungsverfahren vor einer Verbraucherschlichtungsstelle teilzunehmen.<\/p>\n\n\n\n<div style=\"height:30px\" aria-hidden=\"true\" class=\"wp-block-spacer\"><\/div>\n\n\n\n<p><\/p>\n\n\n\n<h5 class=\"wp-block-heading\" id=\"m65\">Haftungs- und Schutzrechtshinweise<\/h5>\n\n\n\n<p><\/p>\n\n\n\n<p>Haftungsausschluss: Die Inhalte dieses Onlineangebotes wurden sorgf\u00e4ltig und nach unserem aktuellen Kenntnisstand erstellt, dienen jedoch nur der Information und entfalten keine rechtlich bindende Wirkung, sofern es sich nicht um gesetzlich verpflichtende Informationen (z.B. das Impressum, die Datenschutzerkl\u00e4rung, AGB oder verpflichtende Belehrungen von Verbrauchern) handelt. Wir behalten uns vor, die Inhalte vollst\u00e4ndig oder teilweise zu \u00e4ndern oder zu l\u00f6schen, soweit vertragliche Verpflichtungen unber\u00fchrt bleiben. Alle Angebote sind freibleibend und unverbindlich.<\/p>\n\n\n\n<p>Links auf fremde Webseiten: Die Inhalte fremder Webseiten, auf die wir direkt oder indirekt verweisen, liegen au\u00dferhalb unseres Verantwortungsbereiches und wir machen sie uns nicht zu Eigen. F\u00fcr alle Inhalte und Nachteile, die aus der Nutzung der in den verlinkten Webseiten aufrufbaren Informationen entstehen, \u00fcbernehmen wir keine Verantwortung.<\/p>\n\n\n\n<p><\/p>\n\n\n\n<p>Urheberrechte und Markenrechte: Alle auf dieser Website dargestellten Inhalte, wie Texte, Fotografien, Grafiken, Marken und Warenzeichen sind durch die jeweiligen Schutzrechte (Urheberrechte, Markenrechte) gesch\u00fctzt. Die Verwendung, Vervielf\u00e4ltigung usw. unterliegen unseren Rechten oder den Rechten der jeweiligen Urheber bzw. Rechteinhaber.<\/p>\n\n\n\n<p><\/p>\n\n\n\n<p>Hinweise auf Rechtsverst\u00f6\u00dfe: Sollten Sie innerhalb unseres Internetauftritts Rechtsverst\u00f6\u00dfe bemerken, bitten wir Sie uns auf diese hinzuweisen. Wir werden rechtswidrige Inhalte und Links nach Kenntnisnahme unverz\u00fcglich entfernen.<\/p>\n\n\n\n<p><\/p>\n\n\n\n<p><\/p>\n\n\n\n<p>Besonderer Hinweis zum HWG (Heilmittelwerbegesetz)<br>Aus rechtlichen Gr\u00fcnden weisen wir besonders darauf hin, das bei unseren beschriebenen Behandlungen weder ein Heilungsversprechen unsererseits zugrunde liegt, noch Linderung oder Verbesserung einer Erkrankung garantiert oder versprochen wird.<\/p>\n\n\n\n<div style=\"height:30px\" aria-hidden=\"true\" class=\"wp-block-spacer\"><\/div>\n\n\n\n<h5 class=\"wp-block-heading\" id=\"m169\">Bildnachweise<\/h5>\n\n\n\n<p><\/p>\n\n\n\n<p>Bildquellen und Urheberrechtshinweise:<\/p>\n\n\n\n<p>Fotos\/Bilder: Privatarchiv, envato.com, pexels.com, unsplash.com, pixabay.com<\/p>\n\n\n\n<div style=\"height:30px\" aria-hidden=\"true\" class=\"wp-block-spacer\"><\/div>\n\n\n\n<p><\/p>\n\n\n\n<p>Quelle: <a href=\"https:\/\/www.e-recht24.de\">eRecht24<\/a><\/p>\n\n\n\n<p><\/p>\n\n\n\n<div style=\"height:100px\" aria-hidden=\"true\" class=\"wp-block-spacer\"><\/div>\n\n\n\n<p><\/p>\n\n\n\n<p><\/p>\n","protected":false},"excerpt":{"rendered":"<p>Impressum Inken Ansch\u00fctzStaatl. anerk. PhysiotherapeutinFuldaer Stra\u00dfe 1539093 K\u00fcnzell Kontakt Telefon: +49 (0)176-23779301E-Mail: heiko.inken@arcor.de Berufsbezeichnung und berufsrechtliche Regelungen Berufsbezeichnung: Physiotherapeut Verliehen in: Deutschland Es gelten folgende berufsrechtliche Regelungen: Masseur- und Physiotherapeutengesetz &#8211; MPhGeinsehbar unter: https:\/\/www.gesetze-im-internet.de\/mphg\/BJNR108400994.html Angaben zur Berufs\u00adhaftpflicht\u00adversicherung Name und Sitz des Versicherers:Allianz Versicherungs-AG 10900 Berlin&#8230;<\/p>\n","protected":false},"author":1,"featured_media":0,"parent":0,"menu_order":0,"comment_status":"closed","ping_status":"closed","template":"","meta":{"footnotes":""},"class_list":["post-3","page","type-page","status-publish","hentry"],"yoast_head":"<!-- This site is optimized with the Yoast SEO plugin v27.5 - https:\/\/yoast.com\/product\/yoast-seo-wordpress\/ -->\n<title>Impressum | Physiotherapeutin Inken Ansch\u00fctz<\/title>\n<meta name=\"description\" content=\"Impressum von Inken Ansch\u00fctz - seit 1995 Physiotherapeutin in Fulda.\" \/>\n<meta name=\"robots\" content=\"index, follow, max-snippet:-1, max-image-preview:large, max-video-preview:-1\" \/>\n<link rel=\"canonical\" href=\"https:\/\/physiotherapeutin-fulda.de\/?page_id=3\" \/>\n<meta property=\"og:locale\" content=\"de_DE\" \/>\n<meta property=\"og:type\" content=\"article\" \/>\n<meta property=\"og:title\" content=\"Impressum | Physiotherapeutin Inken Ansch\u00fctz\" \/>\n<meta property=\"og:description\" content=\"Impressum von Inken Ansch\u00fctz - seit 1995 Physiotherapeutin in Fulda.\" \/>\n<meta property=\"og:url\" content=\"https:\/\/physiotherapeutin-fulda.de\/?page_id=3\" \/>\n<meta property=\"og:site_name\" content=\"Physiotherapeutin Inken Ansch\u00fctz\" \/>\n<meta property=\"article:modified_time\" content=\"2024-03-11T15:22:21+00:00\" \/>\n<meta property=\"og:image\" content=\"https:\/\/physiotherapeutin-fulda.de\/wp-content\/uploads\/2023\/02\/inken-anschuetz-home1.jpg\" \/>\n\t<meta property=\"og:image:width\" content=\"1350\" \/>\n\t<meta property=\"og:image:height\" content=\"800\" \/>\n\t<meta property=\"og:image:type\" content=\"image\/jpeg\" \/>\n<meta name=\"twitter:card\" content=\"summary_large_image\" \/>\n<meta name=\"twitter:label1\" content=\"Gesch\u00e4tzte Lesezeit\" \/>\n\t<meta name=\"twitter:data1\" content=\"2\u00a0Minuten\" \/>\n<script type=\"application\/ld+json\" class=\"yoast-schema-graph\">{\"@context\":\"https:\\\/\\\/schema.org\",\"@graph\":[{\"@type\":\"WebPage\",\"@id\":\"https:\\\/\\\/physiotherapeutin-fulda.de\\\/?page_id=3\",\"url\":\"https:\\\/\\\/physiotherapeutin-fulda.de\\\/?page_id=3\",\"name\":\"Impressum | Physiotherapeutin Inken Ansch\u00fctz\",\"isPartOf\":{\"@id\":\"\\\/#website\"},\"datePublished\":\"2022-11-22T09:30:50+00:00\",\"dateModified\":\"2024-03-11T15:22:21+00:00\",\"description\":\"Impressum von Inken Ansch\u00fctz - seit 1995 Physiotherapeutin in Fulda.\",\"breadcrumb\":{\"@id\":\"https:\\\/\\\/physiotherapeutin-fulda.de\\\/?page_id=3#breadcrumb\"},\"inLanguage\":\"de\",\"potentialAction\":[{\"@type\":\"ReadAction\",\"target\":[\"https:\\\/\\\/physiotherapeutin-fulda.de\\\/?page_id=3\"]}]},{\"@type\":\"BreadcrumbList\",\"@id\":\"https:\\\/\\\/physiotherapeutin-fulda.de\\\/?page_id=3#breadcrumb\",\"itemListElement\":[{\"@type\":\"ListItem\",\"position\":1,\"name\":\"Startseite\",\"item\":\"https:\\\/\\\/physiotherapeutin-fulda.de\\\/\"},{\"@type\":\"ListItem\",\"position\":2,\"name\":\"Impressum\"}]},{\"@type\":\"WebSite\",\"@id\":\"\\\/#website\",\"url\":\"\\\/\",\"name\":\"Physiotherapeutin Inken Ansch\u00fctz\",\"description\":\"Fulda\",\"publisher\":{\"@id\":\"\\\/#organization\"},\"potentialAction\":[{\"@type\":\"SearchAction\",\"target\":{\"@type\":\"EntryPoint\",\"urlTemplate\":\"\\\/?s={search_term_string}\"},\"query-input\":{\"@type\":\"PropertyValueSpecification\",\"valueRequired\":true,\"valueName\":\"search_term_string\"}}],\"inLanguage\":\"de\"},{\"@type\":\"Organization\",\"@id\":\"\\\/#organization\",\"name\":\"Physiotherapeutin Inken Ansch\u00fctz\",\"url\":\"\\\/\",\"logo\":{\"@type\":\"ImageObject\",\"inLanguage\":\"de\",\"@id\":\"\\\/#\\\/schema\\\/logo\\\/image\\\/\",\"url\":\"http:\\\/\\\/physiotherapeutin-fulda.xn--inken-anschtz-6ob.de\\\/wp-content\\\/uploads\\\/2023\\\/02\\\/Logo_Anschuetz-physiotherapie.png\",\"contentUrl\":\"http:\\\/\\\/physiotherapeutin-fulda.xn--inken-anschtz-6ob.de\\\/wp-content\\\/uploads\\\/2023\\\/02\\\/Logo_Anschuetz-physiotherapie.png\",\"width\":250,\"height\":100,\"caption\":\"Physiotherapeutin Inken Ansch\u00fctz\"},\"image\":{\"@id\":\"\\\/#\\\/schema\\\/logo\\\/image\\\/\"}}]}<\/script>\n<!-- \/ Yoast SEO plugin. -->","yoast_head_json":{"title":"Impressum | Physiotherapeutin Inken Ansch\u00fctz","description":"Impressum von Inken Ansch\u00fctz - seit 1995 Physiotherapeutin in Fulda.","robots":{"index":"index","follow":"follow","max-snippet":"max-snippet:-1","max-image-preview":"max-image-preview:large","max-video-preview":"max-video-preview:-1"},"canonical":"https:\/\/physiotherapeutin-fulda.de\/?page_id=3","og_locale":"de_DE","og_type":"article","og_title":"Impressum | Physiotherapeutin Inken Ansch\u00fctz","og_description":"Impressum von Inken Ansch\u00fctz - seit 1995 Physiotherapeutin in Fulda.","og_url":"https:\/\/physiotherapeutin-fulda.de\/?page_id=3","og_site_name":"Physiotherapeutin Inken Ansch\u00fctz","article_modified_time":"2024-03-11T15:22:21+00:00","og_image":[{"width":1350,"height":800,"url":"https:\/\/physiotherapeutin-fulda.de\/wp-content\/uploads\/2023\/02\/inken-anschuetz-home1.jpg","type":"image\/jpeg"}],"twitter_card":"summary_large_image","twitter_misc":{"Gesch\u00e4tzte Lesezeit":"2\u00a0Minuten"},"schema":{"@context":"https:\/\/schema.org","@graph":[{"@type":"WebPage","@id":"https:\/\/physiotherapeutin-fulda.de\/?page_id=3","url":"https:\/\/physiotherapeutin-fulda.de\/?page_id=3","name":"Impressum | Physiotherapeutin Inken Ansch\u00fctz","isPartOf":{"@id":"\/#website"},"datePublished":"2022-11-22T09:30:50+00:00","dateModified":"2024-03-11T15:22:21+00:00","description":"Impressum von Inken Ansch\u00fctz - seit 1995 Physiotherapeutin in Fulda.","breadcrumb":{"@id":"https:\/\/physiotherapeutin-fulda.de\/?page_id=3#breadcrumb"},"inLanguage":"de","potentialAction":[{"@type":"ReadAction","target":["https:\/\/physiotherapeutin-fulda.de\/?page_id=3"]}]},{"@type":"BreadcrumbList","@id":"https:\/\/physiotherapeutin-fulda.de\/?page_id=3#breadcrumb","itemListElement":[{"@type":"ListItem","position":1,"name":"Startseite","item":"https:\/\/physiotherapeutin-fulda.de\/"},{"@type":"ListItem","position":2,"name":"Impressum"}]},{"@type":"WebSite","@id":"\/#website","url":"\/","name":"Physiotherapeutin Inken Ansch\u00fctz","description":"Fulda","publisher":{"@id":"\/#organization"},"potentialAction":[{"@type":"SearchAction","target":{"@type":"EntryPoint","urlTemplate":"\/?s={search_term_string}"},"query-input":{"@type":"PropertyValueSpecification","valueRequired":true,"valueName":"search_term_string"}}],"inLanguage":"de"},{"@type":"Organization","@id":"\/#organization","name":"Physiotherapeutin Inken Ansch\u00fctz","url":"\/","logo":{"@type":"ImageObject","inLanguage":"de","@id":"\/#\/schema\/logo\/image\/","url":"http:\/\/physiotherapeutin-fulda.xn--inken-anschtz-6ob.de\/wp-content\/uploads\/2023\/02\/Logo_Anschuetz-physiotherapie.png","contentUrl":"http:\/\/physiotherapeutin-fulda.xn--inken-anschtz-6ob.de\/wp-content\/uploads\/2023\/02\/Logo_Anschuetz-physiotherapie.png","width":250,"height":100,"caption":"Physiotherapeutin Inken Ansch\u00fctz"},"image":{"@id":"\/#\/schema\/logo\/image\/"}}]}},"_links":{"self":[{"href":"https:\/\/physiotherapeutin-fulda.de\/index.php?rest_route=\/wp\/v2\/pages\/3","targetHints":{"allow":["GET"]}}],"collection":[{"href":"https:\/\/physiotherapeutin-fulda.de\/index.php?rest_route=\/wp\/v2\/pages"}],"about":[{"href":"https:\/\/physiotherapeutin-fulda.de\/index.php?rest_route=\/wp\/v2\/types\/page"}],"author":[{"embeddable":true,"href":"https:\/\/physiotherapeutin-fulda.de\/index.php?rest_route=\/wp\/v2\/users\/1"}],"replies":[{"embeddable":true,"href":"https:\/\/physiotherapeutin-fulda.de\/index.php?rest_route=%2Fwp%2Fv2%2Fcomments&post=3"}],"version-history":[{"count":23,"href":"https:\/\/physiotherapeutin-fulda.de\/index.php?rest_route=\/wp\/v2\/pages\/3\/revisions"}],"predecessor-version":[{"id":1436,"href":"https:\/\/physiotherapeutin-fulda.de\/index.php?rest_route=\/wp\/v2\/pages\/3\/revisions\/1436"}],"wp:attachment":[{"href":"https:\/\/physiotherapeutin-fulda.de\/index.php?rest_route=%2Fwp%2Fv2%2Fmedia&parent=3"}],"curies":[{"name":"wp","href":"https:\/\/api.w.org\/{rel}","templated":true}]}}